{"id":612,"date":"2019-03-16T09:34:10","date_gmt":"2019-03-16T07:34:10","guid":{"rendered":"https:\/\/hulyaalaybeyoglu.com\/?page_id=612"},"modified":"2022-05-14T15:35:21","modified_gmt":"2022-05-14T13:35:21","slug":"haberler","status":"publish","type":"page","link":"https:\/\/hulyaalaybeyoglu.com\/index.php\/haberler\/","title":{"rendered":"Haberler"},"content":{"rendered":"\n<div class=\"wp-block-columns is-layout-flex wp-container-core-columns-is-layout-9d6595d7 wp-block-columns-is-layout-flex\">\n<div class=\"wp-block-column is-layout-flow wp-block-column-is-layout-flow\">\n<figure class=\"wp-block-image size-full is-resized\"><img loading=\"lazy\" decoding=\"async\" src=\"https:\/\/hulyaalaybeyoglu.com\/wp-content\/uploads\/2019\/03\/instag-150x150-1-e1552724168569.jpg\" alt=\"\" class=\"wp-image-634\" width=\"320\" height=\"319\" srcset=\"https:\/\/hulyaalaybeyoglu.com\/wp-content\/uploads\/2019\/03\/instag-150x150-1-e1552724168569.jpg 300w, https:\/\/hulyaalaybeyoglu.com\/wp-content\/uploads\/2019\/03\/instag-150x150-1-e1552724168569-150x150.jpg 150w\" sizes=\"auto, (max-width: 320px) 100vw, 320px\" \/><\/figure>\n<\/div>\n\n\n\n<div class=\"wp-block-column is-layout-flow wp-block-column-is-layout-flow\">\n<h4 class=\"wp-block-heading\">H\u00fclya Alaybeyo\u011flu Akademi a\u00e7\u0131ld\u0131<\/h4>\n\n\n\n<p>H\u00fclya Alaybeyo\u011flu Akademi 01.03.2019 tarihi itibar\u0131yla faaliyetlerine ba\u015flam\u0131\u015ft\u0131r.<\/p>\n\n\n\n<p>Her t\u00fcrl\u00fc kurumsal seminer, s\u00f6yle\u015fi talepleri i\u00e7in ileti\u015fime ge\u00e7ebilirsiniz. Bireysel destek i\u00e7in akademiye gelebilirsiniz.<\/p>\n\n\n\n<p>Seminer talep formu i\u00e7in <a href=\"https:\/\/hulyaalaybeyoglu.com\/index.php\/iletisim-2\/\">t\u0131klay\u0131n\u0131z<\/a>&#8230;<\/p>\n\n\n\n<p class=\"has-white-color has-text-color\">ya\u015fam ko\u00e7u, ko\u00e7, ko\u00e7luk deste\u011fi, uzman ko\u00e7luk, bireysel ko\u00e7luk,\u00a0aile ko\u00e7lu\u011fu, Tak\u0131nt\u0131, Kayg\u0131, Panik, s\u0131k\u0131nt\u0131, mutsuzluk, Depresif, kurumsal ko\u00e7luk, ko\u00e7 ar\u0131yorum, ko\u00e7luk e\u011fitimi, \u00f6\u011frenci ko\u00e7lu\u011fu<\/p>\n<\/div>\n<\/div>\n\n\n\n<p><\/p>\n","protected":false},"excerpt":{"rendered":"<p>H\u00fclya Alaybeyo\u011flu Akademi a\u00e7\u0131ld\u0131 H\u00fclya Alaybeyo\u011flu Akademi 01.03.2019 tarihi itibar\u0131yla faaliyetlerine ba\u015flam\u0131\u015ft\u0131r. Her t\u00fcrl\u00fc kurumsal seminer, s\u00f6yle\u015fi talepleri i\u00e7in ileti\u015fime ge\u00e7ebilirsiniz. Bireysel destek i\u00e7in akademiye gelebilirsiniz. Seminer talep formu i\u00e7in t\u0131klay\u0131n\u0131z&#8230; ya\u015fam ko\u00e7u, ko\u00e7, ko\u00e7luk deste\u011fi, uzman ko\u00e7luk, bireysel ko\u00e7luk,\u00a0aile ko\u00e7lu\u011fu, Tak\u0131nt\u0131, Kayg\u0131, Panik, s\u0131k\u0131nt\u0131, mutsuzluk, Depresif, kurumsal ko\u00e7luk, ko\u00e7 ar\u0131yorum, ko\u00e7luk e\u011fitimi, \u00f6\u011frenci ko\u00e7lu\u011fu<\/p>\n","protected":false},"author":1,"featured_media":0,"parent":0,"menu_order":2,"comment_status":"closed","ping_status":"closed","template":"","meta":{"om_disable_all_campaigns":false,"_monsterinsights_skip_tracking":false,"_monsterinsights_sitenote_active":false,"_monsterinsights_sitenote_note":"","_monsterinsights_sitenote_category":0,"ngg_post_thumbnail":0,"footnotes":""},"class_list":["post-612","page","type-page","status-publish","hentry","post"],"aioseo_notices":[],"_links":{"self":[{"href":"https:\/\/hulyaalaybeyoglu.com\/index.php\/wp-json\/wp\/v2\/pages\/612","targetHints":{"allow":["GET"]}}],"collection":[{"href":"https:\/\/hulyaalaybeyoglu.com\/index.php\/wp-json\/wp\/v2\/pages"}],"about":[{"href":"https:\/\/hulyaalaybeyoglu.com\/index.php\/wp-json\/wp\/v2\/types\/page"}],"author":[{"embeddable":true,"href":"https:\/\/hulyaalaybeyoglu.com\/index.php\/wp-json\/wp\/v2\/users\/1"}],"replies":[{"embeddable":true,"href":"https:\/\/hulyaalaybeyoglu.com\/index.php\/wp-json\/wp\/v2\/comments?post=612"}],"version-history":[{"count":27,"href":"https:\/\/hulyaalaybeyoglu.com\/index.php\/wp-json\/wp\/v2\/pages\/612\/revisions"}],"predecessor-version":[{"id":971,"href":"https:\/\/hulyaalaybeyoglu.com\/index.php\/wp-json\/wp\/v2\/pages\/612\/revisions\/971"}],"wp:attachment":[{"href":"https:\/\/hulyaalaybeyoglu.com\/index.php\/wp-json\/wp\/v2\/media?parent=612"}],"curies":[{"name":"wp","href":"https:\/\/api.w.org\/{rel}","templated":true}]}}