{"id":157,"date":"2017-04-15T11:57:17","date_gmt":"2017-04-15T11:57:17","guid":{"rendered":"https:\/\/hulyaalaybeyoglu.com\/?page_id=157"},"modified":"2019-12-13T09:56:33","modified_gmt":"2019-12-13T07:56:33","slug":"bilissel-kocluk","status":"publish","type":"page","link":"https:\/\/hulyaalaybeyoglu.com\/index.php\/yasam-koclugu\/bilissel-kocluk\/","title":{"rendered":"Bili\u015fsel Ko\u00e7luk"},"content":{"rendered":"<p>Depresif ya da olumsuz duygu, d\u00fc\u015f\u00fcnce ve davran\u0131\u015flar, olumsuz olaylar sonucunda ortaya \u00e7\u0131kan rahats\u0131zl\u0131k verici kazan\u0131mlard\u0131r. Bili\u015fsel duygu, d\u00fc\u015f\u00fcnce ve davran\u0131\u015flar ise olumsuz olaylar\u0131n sonu\u00e7lar\u0131na m\u00fcdahil olan kazan\u0131mlard\u0131r. Duygu, d\u00fc\u015f\u00fcnce ve davran\u0131\u015flar bili\u015fsel edinimlerle g\u00fc\u00e7 kazan\u0131r. Ya\u015fam ve zaman i\u00e7erisinde olumsuz olaylara kar\u015f\u0131 bu g\u00fcc\u00fc kullanman\u0131n bilgeli\u011fini ta\u015f\u0131mak gerekir.<\/p>\n<p>Ya\u015fam ve zaman, bili\u015fsel s\u00fcrecin zenginli\u011fini her f\u0131rsatta sunmaktad\u0131r. Bili\u015fsel zenginli\u011fi ke\u015ffetmek yerine bili\u015fsellikten yoksun duygu, d\u00fc\u015f\u00fcnce ve davran\u0131\u015f yoksullu\u011funa d\u00fc\u015fmek moral bozucudur. Ya\u015fam motivasyonu sa\u011flayan bir tak\u0131m aktivitelerle ge\u00e7ici moral kazan\u0131lsa da, ger\u00e7ek ya\u015fam motivasyonu bili\u015fsel s\u00fcre\u00e7ten ge\u00e7en sa\u011fl\u0131kl\u0131 duygu, d\u00fc\u015f\u00fcnce ve davran\u0131\u015flard\u0131r.<\/p>\n<p><span style=\"color: #ffffff;\">Ya\u015fam Ko\u00e7u, ko\u00e7, ko\u00e7luk deste\u011fi, uzman ko\u00e7luk, bireysel ko\u00e7luk,&nbsp;aile ko\u00e7lu\u011fu, Tak\u0131nt\u0131, Kayg\u0131, Panik, s\u0131k\u0131nt\u0131, mutsuzluk, Depresif, kurumsal ko\u00e7luk, ko\u00e7 ar\u0131yorum, ko\u00e7luk e\u011fitimi, \u00f6\u011frenci ko\u00e7u, uzman deste\u011fi,&nbsp;<\/span><\/p>\n<p><span style=\"color: #ffffff;\">Ya\u015fam Ko\u00e7u, Aile Ko\u00e7lu\u011fu, Tak\u0131nt\u0131, Kayg\u0131, Panik Atak, Depresyon<\/span><\/p>\n","protected":false},"excerpt":{"rendered":"<p>Depresif ya da olumsuz duygu, d\u00fc\u015f\u00fcnce ve davran\u0131\u015flar, olumsuz olaylar sonucunda ortaya \u00e7\u0131kan rahats\u0131zl\u0131k verici kazan\u0131mlard\u0131r. Bili\u015fsel duygu, d\u00fc\u015f\u00fcnce ve davran\u0131\u015flar ise olumsuz olaylar\u0131n sonu\u00e7lar\u0131na m\u00fcdahil olan kazan\u0131mlard\u0131r. Duygu, d\u00fc\u015f\u00fcnce ve davran\u0131\u015flar bili\u015fsel edinimlerle g\u00fc\u00e7 kazan\u0131r. Ya\u015fam ve zaman i\u00e7erisinde olumsuz olaylara kar\u015f\u0131 bu g\u00fcc\u00fc kullanman\u0131n bilgeli\u011fini ta\u015f\u0131mak gerekir. Ya\u015fam ve zaman, bili\u015fsel s\u00fcrecin zenginli\u011fini [&hellip;]<\/p>\n","protected":false},"author":1,"featured_media":0,"parent":14,"menu_order":0,"comment_status":"closed","ping_status":"closed","template":"","meta":{"om_disable_all_campaigns":false,"_monsterinsights_skip_tracking":false,"_monsterinsights_sitenote_active":false,"_monsterinsights_sitenote_note":"","_monsterinsights_sitenote_category":0,"ngg_post_thumbnail":0,"footnotes":""},"class_list":["post-157","page","type-page","status-publish","hentry","post"],"aioseo_notices":[],"_links":{"self":[{"href":"https:\/\/hulyaalaybeyoglu.com\/index.php\/wp-json\/wp\/v2\/pages\/157","targetHints":{"allow":["GET"]}}],"collection":[{"href":"https:\/\/hulyaalaybeyoglu.com\/index.php\/wp-json\/wp\/v2\/pages"}],"about":[{"href":"https:\/\/hulyaalaybeyoglu.com\/index.php\/wp-json\/wp\/v2\/types\/page"}],"author":[{"embeddable":true,"href":"https:\/\/hulyaalaybeyoglu.com\/index.php\/wp-json\/wp\/v2\/users\/1"}],"replies":[{"embeddable":true,"href":"https:\/\/hulyaalaybeyoglu.com\/index.php\/wp-json\/wp\/v2\/comments?post=157"}],"version-history":[{"count":5,"href":"https:\/\/hulyaalaybeyoglu.com\/index.php\/wp-json\/wp\/v2\/pages\/157\/revisions"}],"predecessor-version":[{"id":852,"href":"https:\/\/hulyaalaybeyoglu.com\/index.php\/wp-json\/wp\/v2\/pages\/157\/revisions\/852"}],"up":[{"embeddable":true,"href":"https:\/\/hulyaalaybeyoglu.com\/index.php\/wp-json\/wp\/v2\/pages\/14"}],"wp:attachment":[{"href":"https:\/\/hulyaalaybeyoglu.com\/index.php\/wp-json\/wp\/v2\/media?parent=157"}],"curies":[{"name":"wp","href":"https:\/\/api.w.org\/{rel}","templated":true}]}}